{"id":50,"date":"2025-01-30T08:05:24","date_gmt":"2025-01-30T08:05:24","guid":{"rendered":"http:\/\/gulaart.pl\/?page_id=50"},"modified":"2025-01-31T12:16:37","modified_gmt":"2025-01-31T12:16:37","slug":"ksiazeczki","status":"publish","type":"page","link":"https:\/\/gulaart.pl\/index.php\/ksiazeczki\/","title":{"rendered":"Ksi\u0105\u017ceczki"},"content":{"rendered":"\t\t<div data-elementor-type=\"wp-page\" data-elementor-id=\"50\" class=\"elementor elementor-50\">\n\t\t\t\t<div class=\"elementor-element elementor-element-7b41fd8 e-grid e-con-boxed e-con e-parent\" data-id=\"7b41fd8\" data-element_type=\"container\">\n\t\t\t\t\t<div class=\"e-con-inner\">\n\t\t\t\t<div class=\"elementor-element elementor-element-0282f9e elementor-widget elementor-widget-heading\" data-id=\"0282f9e\" data-element_type=\"widget\" data-widget_type=\"heading.default\">\n\t\t\t\t<div class=\"elementor-widget-container\">\n\t\t\t\t\t<h2 class=\"elementor-heading-title elementor-size-default\">Ksi\u0105\u017ceczki kreatywne<\/h2>\t\t\t\t<\/div>\n\t\t\t\t<\/div>\n\t\t\t\t<div class=\"elementor-element elementor-element-2d1f17d elementor-widget elementor-widget-image\" data-id=\"2d1f17d\" data-element_type=\"widget\" data-widget_type=\"image.default\">\n\t\t\t\t<div class=\"elementor-widget-container\">\n\t\t\t\t\t\t\t\t\t\t\t\t\t\t\t<img decoding=\"async\" src=\"https:\/\/gulaart.pl\/wp-content\/uploads\/2025\/01\/ksiazeczki-obraz.png\" title=\"ksi\u0105\u017ceczki obraz\" alt=\"ksi\u0105\u017ceczki obraz\" loading=\"lazy\" \/>\t\t\t\t\t\t\t\t\t\t\t\t\t\t\t<\/div>\n\t\t\t\t<\/div>\n\t\t\t\t<div class=\"elementor-element elementor-element-3f0e803 elementor-widget elementor-widget-text-editor\" data-id=\"3f0e803\" data-element_type=\"widget\" data-widget_type=\"text-editor.default\">\n\t\t\t\t<div class=\"elementor-widget-container\">\n\t\t\t\t\t\t\t\t\t<p><strong>Ksi\u0105\u017ceczki edukacyjne i kreatywne<\/strong><br \/>Odkryj wyj\u0105tkowe ksi\u0105\u017ceczki, kt\u00f3re nie tylko bawi\u0105, ale tak\u017ce ucz\u0105. Stworzone z my\u015bl\u0105 o dzieciach w r\u00f3\u017cnym wieku, wspieraj\u0105 rozw\u00f3j, wyobra\u017ani\u0119 i zrozumienie emocji. Ka\u017cda ksi\u0105\u017ceczka to krok ku nauce przez zabaw\u0119!<\/p>\t\t\t\t\t\t\t\t<\/div>\n\t\t\t\t<\/div>\n\t\t\t\t\t<\/div>\n\t\t\t\t<\/div>\n\t\t<div class=\"elementor-element elementor-element-325793c e-grid e-con-boxed e-con e-parent\" data-id=\"325793c\" data-element_type=\"container\">\n\t\t\t\t\t<div class=\"e-con-inner\">\n\t\t<div class=\"elementor-element elementor-element-758ffb9 e-grid e-con-full e-con e-child\" data-id=\"758ffb9\" data-element_type=\"container\">\n\t\t\t\t<div class=\"elementor-element elementor-element-8ab5f78 elementor-widget elementor-widget-image\" data-id=\"8ab5f78\" data-element_type=\"widget\" data-widget_type=\"image.default\">\n\t\t\t\t<div class=\"elementor-widget-container\">\n\t\t\t\t\t\t\t\t\t\t\t\t\t\t\t<img fetchpriority=\"high\" decoding=\"async\" width=\"1024\" height=\"1024\" src=\"https:\/\/gulaart.pl\/wp-content\/uploads\/2025\/01\/swiateczne-lamiglowki-1.png\" class=\"attachment-large size-large wp-image-181\" alt=\"\" srcset=\"https:\/\/gulaart.pl\/wp-content\/uploads\/2025\/01\/swiateczne-lamiglowki-1.png 1024w, https:\/\/gulaart.pl\/wp-content\/uploads\/2025\/01\/swiateczne-lamiglowki-1-300x300.png 300w, https:\/\/gulaart.pl\/wp-content\/uploads\/2025\/01\/swiateczne-lamiglowki-1-150x150.png 150w, https:\/\/gulaart.pl\/wp-content\/uploads\/2025\/01\/swiateczne-lamiglowki-1-768x768.png 768w\" sizes=\"(max-width: 1024px) 100vw, 1024px\" \/>\t\t\t\t\t\t\t\t\t\t\t\t\t\t\t<\/div>\n\t\t\t\t<\/div>\n\t\t\t\t<div class=\"elementor-element elementor-element-f4817af elementor-widget elementor-widget-heading\" data-id=\"f4817af\" data-element_type=\"widget\" data-widget_type=\"heading.default\">\n\t\t\t\t<div class=\"elementor-widget-container\">\n\t\t\t\t\t<h2 class=\"elementor-heading-title elementor-size-default\"><a href=\"https:\/\/www.amazon.pl\/dp\/B0DQ4GTV1Q\">\u015awi\u0105teczne \u0141amig\u0142\u00f3wki z Cyframi \"0-9\" dla Dzieci 4-7 lat<\/a><\/h2>\t\t\t\t<\/div>\n\t\t\t\t<\/div>\n\t\t\t\t<div class=\"elementor-element elementor-element-b4d019c elementor-widget elementor-widget-text-editor\" data-id=\"b4d019c\" data-element_type=\"widget\" data-widget_type=\"text-editor.default\">\n\t\t\t\t<div class=\"elementor-widget-container\">\n\t\t\t\t\t\t\t\t\t<p>Wszystkie dzieci, do dzie\u0142a!<br \/>Przedstawiam Wam ksi\u0105\u017ceczk\u0119 o wyj\u0105tkowym wygl\u0105dzie, kt\u00f3ra zach\u0119ci ka\u017cde dziecko do zabawy.<\/p><p>Znajdziecie w niej zadania i \u015bwi\u0105teczne \u0142amig\u0142\u00f3wki do ka\u017cdej cyferki od &#8222;0-9&#8221; takie jak:<\/p><p>*labirynt<br \/>*znajdowanie r\u00f3\u017cnic<br \/>*szukanie cieni<br \/>*kolorowanki<br \/>*wyszukiwanie<br \/>*i inne<\/p>\t\t\t\t\t\t\t\t<\/div>\n\t\t\t\t<\/div>\n\t\t\t\t<div class=\"elementor-element elementor-element-5cf42b1 elementor-align-center elementor-widget elementor-widget-button\" data-id=\"5cf42b1\" data-element_type=\"widget\" data-widget_type=\"button.default\">\n\t\t\t\t<div class=\"elementor-widget-container\">\n\t\t\t\t\t\t\t\t\t<div class=\"elementor-button-wrapper\">\n\t\t\t\t\t<a class=\"elementor-button elementor-button-link elementor-size-sm\" href=\"https:\/\/www.amazon.pl\/dp\/B0DQ4GTV1Q\">\n\t\t\t\t\t\t<span class=\"elementor-button-content-wrapper\">\n\t\t\t\t\t\t\t\t\t<span class=\"elementor-button-text\">Kup teraz<\/span>\n\t\t\t\t\t<\/span>\n\t\t\t\t\t<\/a>\n\t\t\t\t<\/div>\n\t\t\t\t\t\t\t\t<\/div>\n\t\t\t\t<\/div>\n\t\t\t\t<\/div>\n\t\t<div class=\"elementor-element elementor-element-46d4b85 e-grid e-con-full e-con e-child\" data-id=\"46d4b85\" data-element_type=\"container\">\n\t\t\t\t<div class=\"elementor-element elementor-element-a148e81 elementor-widget elementor-widget-image\" data-id=\"a148e81\" data-element_type=\"widget\" data-widget_type=\"image.default\">\n\t\t\t\t<div class=\"elementor-widget-container\">\n\t\t\t\t\t\t\t\t\t\t\t\t\t\t\t<img decoding=\"async\" src=\"https:\/\/gulaart.pl\/wp-content\/plugins\/elementor\/assets\/images\/placeholder.png\" title=\"\" alt=\"\" loading=\"lazy\" \/>\t\t\t\t\t\t\t\t\t\t\t\t\t\t\t<\/div>\n\t\t\t\t<\/div>\n\t\t\t\t<div class=\"elementor-element elementor-element-bdf6383 elementor-widget elementor-widget-heading\" data-id=\"bdf6383\" data-element_type=\"widget\" data-widget_type=\"heading.default\">\n\t\t\t\t<div class=\"elementor-widget-container\">\n\t\t\t\t\t<h2 class=\"elementor-heading-title elementor-size-default\">Dodaj tu sw\u00f3j tekst nag\u0142\u00f3wka<\/h2>\t\t\t\t<\/div>\n\t\t\t\t<\/div>\n\t\t\t\t<div class=\"elementor-element elementor-element-21db2bf elementor-widget elementor-widget-text-editor\" data-id=\"21db2bf\" data-element_type=\"widget\" data-widget_type=\"text-editor.default\">\n\t\t\t\t<div class=\"elementor-widget-container\">\n\t\t\t\t\t\t\t\t\t<p>Lorem ipsum dolor sit amet, consectetur adipiscing elit. Ut elit tellus, luctus nec ullamcorper mattis, pulvinar dapibus leo.<\/p>\t\t\t\t\t\t\t\t<\/div>\n\t\t\t\t<\/div>\n\t\t\t\t<div class=\"elementor-element elementor-element-2e14453 elementor-align-center elementor-widget elementor-widget-button\" data-id=\"2e14453\" data-element_type=\"widget\" data-widget_type=\"button.default\">\n\t\t\t\t<div class=\"elementor-widget-container\">\n\t\t\t\t\t\t\t\t\t<div class=\"elementor-button-wrapper\">\n\t\t\t\t\t<a class=\"elementor-button elementor-button-link elementor-size-sm\" href=\"\">\n\t\t\t\t\t\t<span class=\"elementor-button-content-wrapper\">\n\t\t\t\t\t\t\t\t\t<span class=\"elementor-button-text\">Kup teraz<\/span>\n\t\t\t\t\t<\/span>\n\t\t\t\t\t<\/a>\n\t\t\t\t<\/div>\n\t\t\t\t\t\t\t\t<\/div>\n\t\t\t\t<\/div>\n\t\t\t\t<\/div>\n\t\t<div class=\"elementor-element elementor-element-6bc2c64 e-grid e-con-full e-con e-child\" data-id=\"6bc2c64\" data-element_type=\"container\">\n\t\t\t\t<div class=\"elementor-element elementor-element-3bf8906 elementor-widget elementor-widget-image\" data-id=\"3bf8906\" data-element_type=\"widget\" data-widget_type=\"image.default\">\n\t\t\t\t<div class=\"elementor-widget-container\">\n\t\t\t\t\t\t\t\t\t\t\t\t\t\t\t<img decoding=\"async\" src=\"https:\/\/gulaart.pl\/wp-content\/plugins\/elementor\/assets\/images\/placeholder.png\" title=\"\" alt=\"\" loading=\"lazy\" \/>\t\t\t\t\t\t\t\t\t\t\t\t\t\t\t<\/div>\n\t\t\t\t<\/div>\n\t\t\t\t<div class=\"elementor-element elementor-element-1b15bf7 elementor-widget elementor-widget-heading\" data-id=\"1b15bf7\" data-element_type=\"widget\" data-widget_type=\"heading.default\">\n\t\t\t\t<div class=\"elementor-widget-container\">\n\t\t\t\t\t<h2 class=\"elementor-heading-title elementor-size-default\">Dodaj tu sw\u00f3j tekst nag\u0142\u00f3wka<\/h2>\t\t\t\t<\/div>\n\t\t\t\t<\/div>\n\t\t\t\t<div class=\"elementor-element elementor-element-ef9d3c3 elementor-widget elementor-widget-text-editor\" data-id=\"ef9d3c3\" data-element_type=\"widget\" data-widget_type=\"text-editor.default\">\n\t\t\t\t<div class=\"elementor-widget-container\">\n\t\t\t\t\t\t\t\t\t<p>Lorem ipsum dolor sit amet, consectetur adipiscing elit. Ut elit tellus, luctus nec ullamcorper mattis, pulvinar dapibus leo.<\/p>\t\t\t\t\t\t\t\t<\/div>\n\t\t\t\t<\/div>\n\t\t\t\t<div class=\"elementor-element elementor-element-00c0af1 elementor-align-center elementor-widget elementor-widget-button\" data-id=\"00c0af1\" data-element_type=\"widget\" data-widget_type=\"button.default\">\n\t\t\t\t<div class=\"elementor-widget-container\">\n\t\t\t\t\t\t\t\t\t<div class=\"elementor-button-wrapper\">\n\t\t\t\t\t<a class=\"elementor-button elementor-button-link elementor-size-sm\" href=\"\">\n\t\t\t\t\t\t<span class=\"elementor-button-content-wrapper\">\n\t\t\t\t\t\t\t\t\t<span class=\"elementor-button-text\">Kup teraz<\/span>\n\t\t\t\t\t<\/span>\n\t\t\t\t\t<\/a>\n\t\t\t\t<\/div>\n\t\t\t\t\t\t\t\t<\/div>\n\t\t\t\t<\/div>\n\t\t\t\t<\/div>\n\t\t\t\t\t<\/div>\n\t\t\t\t<\/div>\n\t\t\t\t<\/div>\n\t\t","protected":false},"excerpt":{"rendered":"<p>Ksi\u0105\u017ceczki kreatywne Ksi\u0105\u017ceczki edukacyjne i kreatywneOdkryj wyj\u0105tkowe ksi\u0105\u017ceczki, kt\u00f3re nie tylko bawi\u0105, ale tak\u017ce ucz\u0105. Stworzone z my\u015bl\u0105 o dzieciach [&hellip;]<\/p>\n","protected":false},"author":1,"featured_media":0,"parent":0,"menu_order":0,"comment_status":"closed","ping_status":"closed","template":"","meta":{"site-sidebar-layout":"no-sidebar","site-content-layout":"","ast-site-content-layout":"full-width-container","site-content-style":"default","site-sidebar-style":"default","ast-global-header-display":"","ast-banner-title-visibility":"","ast-main-header-display":"","ast-hfb-above-header-display":"","ast-hfb-below-header-display":"","ast-hfb-mobile-header-display":"","site-post-title":"disabled","ast-breadcrumbs-content":"","ast-featured-img":"disabled","footer-sml-layout":"","theme-transparent-header-meta":"","adv-header-id-meta":"","stick-header-meta":"","header-above-stick-meta":"","header-main-stick-meta":"","header-below-stick-meta":"","astra-migrate-meta-layouts":"default","ast-page-background-enabled":"default","ast-page-background-meta":{"desktop":{"background-color":"var(--ast-global-color-5)","background-image":"","background-repeat":"repeat","background-position":"center center","background-size":"auto","background-attachment":"scroll","background-type":"","background-media":"","overlay-type":"","overlay-color":"","overlay-opacity":"","overlay-gradient":""},"tablet":{"background-color":"","background-image":"","background-repeat":"repeat","background-position":"center center","background-size":"auto","background-attachment":"scroll","background-type":"","background-media":"","overlay-type":"","overlay-color":"","overlay-opacity":"","overlay-gradient":""},"mobile":{"background-color":"","background-image":"","background-repeat":"repeat","background-position":"center center","background-size":"auto","background-attachment":"scroll","background-type":"","background-media":"","overlay-type":"","overlay-color":"","overlay-opacity":"","overlay-gradient":""}},"ast-content-background-meta":{"desktop":{"background-color":"var(--ast-global-color-4)","background-image":"","background-repeat":"repeat","background-position":"center center","background-size":"auto","background-attachment":"scroll","background-type":"","background-media":"","overlay-type":"","overlay-color":"","overlay-opacity":"","overlay-gradient":""},"tablet":{"background-color":"var(--ast-global-color-4)","background-image":"","background-repeat":"repeat","background-position":"center center","background-size":"auto","background-attachment":"scroll","background-type":"","background-media":"","overlay-type":"","overlay-color":"","overlay-opacity":"","overlay-gradient":""},"mobile":{"background-color":"var(--ast-global-color-4)","background-image":"","background-repeat":"repeat","background-position":"center center","background-size":"auto","background-attachment":"scroll","background-type":"","background-media":"","overlay-type":"","overlay-color":"","overlay-opacity":"","overlay-gradient":""}},"footnotes":""},"class_list":["post-50","page","type-page","status-publish","hentry"],"yoast_head":"<!-- This site is optimized with the Yoast SEO plugin v24.3 - https:\/\/yoast.com\/wordpress\/plugins\/seo\/ -->\n<title>Ksi\u0105\u017ceczki - Gula Art \u2013 Zdrowie i Kreatywno\u015b\u0107 w Jednym Miejscu<\/title>\n<meta name=\"robots\" content=\"index, follow, max-snippet:-1, max-image-preview:large, max-video-preview:-1\" \/>\n<link rel=\"canonical\" href=\"https:\/\/gulaart.pl\/index.php\/ksiazeczki\/\" \/>\n<meta property=\"og:locale\" content=\"pl_PL\" \/>\n<meta property=\"og:type\" content=\"article\" \/>\n<meta property=\"og:title\" content=\"Ksi\u0105\u017ceczki - Gula Art \u2013 Zdrowie i Kreatywno\u015b\u0107 w Jednym Miejscu\" \/>\n<meta property=\"og:description\" content=\"Ksi\u0105\u017ceczki kreatywne Ksi\u0105\u017ceczki edukacyjne i kreatywneOdkryj wyj\u0105tkowe ksi\u0105\u017ceczki, kt\u00f3re nie tylko bawi\u0105, ale tak\u017ce ucz\u0105. Stworzone z my\u015bl\u0105 o dzieciach [&hellip;]\" \/>\n<meta property=\"og:url\" content=\"https:\/\/gulaart.pl\/index.php\/ksiazeczki\/\" \/>\n<meta property=\"og:site_name\" content=\"Gula Art \u2013 Zdrowie i Kreatywno\u015b\u0107 w Jednym Miejscu\" \/>\n<meta property=\"article:modified_time\" content=\"2025-01-31T12:16:37+00:00\" \/>\n<meta property=\"og:image\" content=\"http:\/\/gulaart.pl\/wp-content\/uploads\/elementor\/thumbs\/ksiazeczki-obraz-r0tdbqrwjr59vd9nymlwp2q5jlk1q71ihvo8yk5tds.png\" \/>\n<meta name=\"twitter:card\" content=\"summary_large_image\" \/>\n<meta name=\"twitter:label1\" content=\"Szacowany czas czytania\" \/>\n\t<meta name=\"twitter:data1\" content=\"2 minuty\" \/>\n<script type=\"application\/ld+json\" class=\"yoast-schema-graph\">{\"@context\":\"https:\/\/schema.org\",\"@graph\":[{\"@type\":\"WebPage\",\"@id\":\"https:\/\/gulaart.pl\/index.php\/ksiazeczki\/\",\"url\":\"https:\/\/gulaart.pl\/index.php\/ksiazeczki\/\",\"name\":\"Ksi\u0105\u017ceczki - Gula Art \u2013 Zdrowie i Kreatywno\u015b\u0107 w Jednym Miejscu\",\"isPartOf\":{\"@id\":\"https:\/\/gulaart.pl\/#website\"},\"primaryImageOfPage\":{\"@id\":\"https:\/\/gulaart.pl\/index.php\/ksiazeczki\/#primaryimage\"},\"image\":{\"@id\":\"https:\/\/gulaart.pl\/index.php\/ksiazeczki\/#primaryimage\"},\"thumbnailUrl\":\"http:\/\/gulaart.pl\/wp-content\/uploads\/elementor\/thumbs\/ksiazeczki-obraz-r0tdbqrwjr59vd9nymlwp2q5jlk1q71ihvo8yk5tds.png\",\"datePublished\":\"2025-01-30T08:05:24+00:00\",\"dateModified\":\"2025-01-31T12:16:37+00:00\",\"breadcrumb\":{\"@id\":\"https:\/\/gulaart.pl\/index.php\/ksiazeczki\/#breadcrumb\"},\"inLanguage\":\"pl-PL\",\"potentialAction\":[{\"@type\":\"ReadAction\",\"target\":[\"https:\/\/gulaart.pl\/index.php\/ksiazeczki\/\"]}]},{\"@type\":\"ImageObject\",\"inLanguage\":\"pl-PL\",\"@id\":\"https:\/\/gulaart.pl\/index.php\/ksiazeczki\/#primaryimage\",\"url\":\"http:\/\/gulaart.pl\/wp-content\/uploads\/elementor\/thumbs\/ksiazeczki-obraz-r0tdbqrwjr59vd9nymlwp2q5jlk1q71ihvo8yk5tds.png\",\"contentUrl\":\"http:\/\/gulaart.pl\/wp-content\/uploads\/elementor\/thumbs\/ksiazeczki-obraz-r0tdbqrwjr59vd9nymlwp2q5jlk1q71ihvo8yk5tds.png\"},{\"@type\":\"BreadcrumbList\",\"@id\":\"https:\/\/gulaart.pl\/index.php\/ksiazeczki\/#breadcrumb\",\"itemListElement\":[{\"@type\":\"ListItem\",\"position\":1,\"name\":\"Strona g\u0142\u00f3wna\",\"item\":\"https:\/\/gulaart.pl\/\"},{\"@type\":\"ListItem\",\"position\":2,\"name\":\"Ksi\u0105\u017ceczki\"}]},{\"@type\":\"WebSite\",\"@id\":\"https:\/\/gulaart.pl\/#website\",\"url\":\"https:\/\/gulaart.pl\/\",\"name\":\"Gula Art \u2013 Zdrowie i Kreatywno\u015b\u0107 w Jednym Miejscu\",\"description\":\"Twoje miejsce kreatywno\u015bci i zdrowego stylu \u017cycia\",\"potentialAction\":[{\"@type\":\"SearchAction\",\"target\":{\"@type\":\"EntryPoint\",\"urlTemplate\":\"https:\/\/gulaart.pl\/?s={search_term_string}\"},\"query-input\":{\"@type\":\"PropertyValueSpecification\",\"valueRequired\":true,\"valueName\":\"search_term_string\"}}],\"inLanguage\":\"pl-PL\"}]}<\/script>\n<!-- \/ Yoast SEO plugin. -->","yoast_head_json":{"title":"Ksi\u0105\u017ceczki - Gula Art \u2013 Zdrowie i Kreatywno\u015b\u0107 w Jednym Miejscu","robots":{"index":"index","follow":"follow","max-snippet":"max-snippet:-1","max-image-preview":"max-image-preview:large","max-video-preview":"max-video-preview:-1"},"canonical":"https:\/\/gulaart.pl\/index.php\/ksiazeczki\/","og_locale":"pl_PL","og_type":"article","og_title":"Ksi\u0105\u017ceczki - Gula Art \u2013 Zdrowie i Kreatywno\u015b\u0107 w Jednym Miejscu","og_description":"Ksi\u0105\u017ceczki kreatywne Ksi\u0105\u017ceczki edukacyjne i kreatywneOdkryj wyj\u0105tkowe ksi\u0105\u017ceczki, kt\u00f3re nie tylko bawi\u0105, ale tak\u017ce ucz\u0105. Stworzone z my\u015bl\u0105 o dzieciach [&hellip;]","og_url":"https:\/\/gulaart.pl\/index.php\/ksiazeczki\/","og_site_name":"Gula Art \u2013 Zdrowie i Kreatywno\u015b\u0107 w Jednym Miejscu","article_modified_time":"2025-01-31T12:16:37+00:00","og_image":[{"url":"http:\/\/gulaart.pl\/wp-content\/uploads\/elementor\/thumbs\/ksiazeczki-obraz-r0tdbqrwjr59vd9nymlwp2q5jlk1q71ihvo8yk5tds.png","type":"","width":"","height":""}],"twitter_card":"summary_large_image","twitter_misc":{"Szacowany czas czytania":"2 minuty"},"schema":{"@context":"https:\/\/schema.org","@graph":[{"@type":"WebPage","@id":"https:\/\/gulaart.pl\/index.php\/ksiazeczki\/","url":"https:\/\/gulaart.pl\/index.php\/ksiazeczki\/","name":"Ksi\u0105\u017ceczki - Gula Art \u2013 Zdrowie i Kreatywno\u015b\u0107 w Jednym Miejscu","isPartOf":{"@id":"https:\/\/gulaart.pl\/#website"},"primaryImageOfPage":{"@id":"https:\/\/gulaart.pl\/index.php\/ksiazeczki\/#primaryimage"},"image":{"@id":"https:\/\/gulaart.pl\/index.php\/ksiazeczki\/#primaryimage"},"thumbnailUrl":"http:\/\/gulaart.pl\/wp-content\/uploads\/elementor\/thumbs\/ksiazeczki-obraz-r0tdbqrwjr59vd9nymlwp2q5jlk1q71ihvo8yk5tds.png","datePublished":"2025-01-30T08:05:24+00:00","dateModified":"2025-01-31T12:16:37+00:00","breadcrumb":{"@id":"https:\/\/gulaart.pl\/index.php\/ksiazeczki\/#breadcrumb"},"inLanguage":"pl-PL","potentialAction":[{"@type":"ReadAction","target":["https:\/\/gulaart.pl\/index.php\/ksiazeczki\/"]}]},{"@type":"ImageObject","inLanguage":"pl-PL","@id":"https:\/\/gulaart.pl\/index.php\/ksiazeczki\/#primaryimage","url":"http:\/\/gulaart.pl\/wp-content\/uploads\/elementor\/thumbs\/ksiazeczki-obraz-r0tdbqrwjr59vd9nymlwp2q5jlk1q71ihvo8yk5tds.png","contentUrl":"http:\/\/gulaart.pl\/wp-content\/uploads\/elementor\/thumbs\/ksiazeczki-obraz-r0tdbqrwjr59vd9nymlwp2q5jlk1q71ihvo8yk5tds.png"},{"@type":"BreadcrumbList","@id":"https:\/\/gulaart.pl\/index.php\/ksiazeczki\/#breadcrumb","itemListElement":[{"@type":"ListItem","position":1,"name":"Strona g\u0142\u00f3wna","item":"https:\/\/gulaart.pl\/"},{"@type":"ListItem","position":2,"name":"Ksi\u0105\u017ceczki"}]},{"@type":"WebSite","@id":"https:\/\/gulaart.pl\/#website","url":"https:\/\/gulaart.pl\/","name":"Gula Art \u2013 Zdrowie i Kreatywno\u015b\u0107 w Jednym Miejscu","description":"Twoje miejsce kreatywno\u015bci i zdrowego stylu \u017cycia","potentialAction":[{"@type":"SearchAction","target":{"@type":"EntryPoint","urlTemplate":"https:\/\/gulaart.pl\/?s={search_term_string}"},"query-input":{"@type":"PropertyValueSpecification","valueRequired":true,"valueName":"search_term_string"}}],"inLanguage":"pl-PL"}]}},"_links":{"self":[{"href":"https:\/\/gulaart.pl\/index.php\/wp-json\/wp\/v2\/pages\/50","targetHints":{"allow":["GET"]}}],"collection":[{"href":"https:\/\/gulaart.pl\/index.php\/wp-json\/wp\/v2\/pages"}],"about":[{"href":"https:\/\/gulaart.pl\/index.php\/wp-json\/wp\/v2\/types\/page"}],"author":[{"embeddable":true,"href":"https:\/\/gulaart.pl\/index.php\/wp-json\/wp\/v2\/users\/1"}],"replies":[{"embeddable":true,"href":"https:\/\/gulaart.pl\/index.php\/wp-json\/wp\/v2\/comments?post=50"}],"version-history":[{"count":46,"href":"https:\/\/gulaart.pl\/index.php\/wp-json\/wp\/v2\/pages\/50\/revisions"}],"predecessor-version":[{"id":201,"href":"https:\/\/gulaart.pl\/index.php\/wp-json\/wp\/v2\/pages\/50\/revisions\/201"}],"wp:attachment":[{"href":"https:\/\/gulaart.pl\/index.php\/wp-json\/wp\/v2\/media?parent=50"}],"curies":[{"name":"wp","href":"https:\/\/api.w.org\/{rel}","templated":true}]}}