{"id":47,"date":"2025-01-30T08:04:36","date_gmt":"2025-01-30T08:04:36","guid":{"rendered":"http:\/\/gulaart.pl\/?page_id=47"},"modified":"2025-01-30T11:01:58","modified_gmt":"2025-01-30T11:01:58","slug":"e-book","status":"publish","type":"page","link":"https:\/\/gulaart.pl\/index.php\/e-book\/","title":{"rendered":"E-booki"},"content":{"rendered":"\t\t<div data-elementor-type=\"wp-page\" data-elementor-id=\"47\" class=\"elementor elementor-47\">\n\t\t\t\t<div class=\"elementor-element elementor-element-2b0a087 e-flex e-con-boxed e-con e-parent\" data-id=\"2b0a087\" data-element_type=\"container\" data-settings=\"{&quot;background_background&quot;:&quot;gradient&quot;}\">\n\t\t\t\t\t<div class=\"e-con-inner\">\n\t\t\t\t<div class=\"elementor-element elementor-element-3ad9547 elementor-widget elementor-widget-heading\" data-id=\"3ad9547\" data-element_type=\"widget\" data-widget_type=\"heading.default\">\n\t\t\t\t<div class=\"elementor-widget-container\">\n\t\t\t\t\t<h2 class=\"elementor-heading-title elementor-size-default\">E-booki o od\u017cywianiu i rozwoju<\/h2>\t\t\t\t<\/div>\n\t\t\t\t<\/div>\n\t\t\t\t<div class=\"elementor-element elementor-element-0cf8823 elementor-widget elementor-widget-text-editor\" data-id=\"0cf8823\" data-element_type=\"widget\" data-widget_type=\"text-editor.default\">\n\t\t\t\t<div class=\"elementor-widget-container\">\n\t\t\t\t\t\t\t\t\t<p>Przeczytaj e-booki, kt\u00f3re wspieraj\u0105 zdrowy styl \u017cycia dzieci i doros\u0142ych.<\/p>\t\t\t\t\t\t\t\t<\/div>\n\t\t\t\t<\/div>\n\t\t<div class=\"elementor-element elementor-element-395f441 e-grid e-con-full e-con e-child\" data-id=\"395f441\" data-element_type=\"container\">\n\t\t\t\t<div class=\"elementor-element elementor-element-1e99998 elementor-widget elementor-widget-image\" data-id=\"1e99998\" data-element_type=\"widget\" data-widget_type=\"image.default\">\n\t\t\t\t<div class=\"elementor-widget-container\">\n\t\t\t\t\t\t\t\t\t\t\t\t\t\t\t<img decoding=\"async\" src=\"https:\/\/gulaart.pl\/wp-content\/plugins\/elementor\/assets\/images\/placeholder.png\" title=\"\" alt=\"\" loading=\"lazy\" \/>\t\t\t\t\t\t\t\t\t\t\t\t\t\t\t<\/div>\n\t\t\t\t<\/div>\n\t\t\t\t<div class=\"elementor-element elementor-element-adc378a elementor-align-center elementor-widget elementor-widget-button\" data-id=\"adc378a\" data-element_type=\"widget\" data-widget_type=\"button.default\">\n\t\t\t\t<div class=\"elementor-widget-container\">\n\t\t\t\t\t\t\t\t\t<div class=\"elementor-button-wrapper\">\n\t\t\t\t\t<a class=\"elementor-button elementor-button-link elementor-size-sm\" href=\"#\">\n\t\t\t\t\t\t<span class=\"elementor-button-content-wrapper\">\n\t\t\t\t\t\t\t\t\t<span class=\"elementor-button-text\">Zobacz<\/span>\n\t\t\t\t\t<\/span>\n\t\t\t\t\t<\/a>\n\t\t\t\t<\/div>\n\t\t\t\t\t\t\t\t<\/div>\n\t\t\t\t<\/div>\n\t\t\t\t<div class=\"elementor-element elementor-element-edbd0ef elementor-widget elementor-widget-image\" data-id=\"edbd0ef\" data-element_type=\"widget\" data-widget_type=\"image.default\">\n\t\t\t\t<div class=\"elementor-widget-container\">\n\t\t\t\t\t\t\t\t\t\t\t\t\t\t\t<img decoding=\"async\" src=\"https:\/\/gulaart.pl\/wp-content\/plugins\/elementor\/assets\/images\/placeholder.png\" title=\"\" alt=\"\" loading=\"lazy\" \/>\t\t\t\t\t\t\t\t\t\t\t\t\t\t\t<\/div>\n\t\t\t\t<\/div>\n\t\t\t\t<div class=\"elementor-element elementor-element-3823384 elementor-align-center elementor-widget elementor-widget-button\" data-id=\"3823384\" data-element_type=\"widget\" data-widget_type=\"button.default\">\n\t\t\t\t<div class=\"elementor-widget-container\">\n\t\t\t\t\t\t\t\t\t<div class=\"elementor-button-wrapper\">\n\t\t\t\t\t<a class=\"elementor-button elementor-button-link elementor-size-sm\" href=\"#\">\n\t\t\t\t\t\t<span class=\"elementor-button-content-wrapper\">\n\t\t\t\t\t\t\t\t\t<span class=\"elementor-button-text\">Zobacz<\/span>\n\t\t\t\t\t<\/span>\n\t\t\t\t\t<\/a>\n\t\t\t\t<\/div>\n\t\t\t\t\t\t\t\t<\/div>\n\t\t\t\t<\/div>\n\t\t\t\t<div class=\"elementor-element elementor-element-18ea24d elementor-widget elementor-widget-image\" data-id=\"18ea24d\" data-element_type=\"widget\" data-widget_type=\"image.default\">\n\t\t\t\t<div class=\"elementor-widget-container\">\n\t\t\t\t\t\t\t\t\t\t\t\t\t\t\t<img decoding=\"async\" src=\"https:\/\/gulaart.pl\/wp-content\/plugins\/elementor\/assets\/images\/placeholder.png\" title=\"\" alt=\"\" loading=\"lazy\" \/>\t\t\t\t\t\t\t\t\t\t\t\t\t\t\t<\/div>\n\t\t\t\t<\/div>\n\t\t\t\t<div class=\"elementor-element elementor-element-18be808 elementor-align-center elementor-widget elementor-widget-button\" data-id=\"18be808\" data-element_type=\"widget\" data-widget_type=\"button.default\">\n\t\t\t\t<div class=\"elementor-widget-container\">\n\t\t\t\t\t\t\t\t\t<div class=\"elementor-button-wrapper\">\n\t\t\t\t\t<a class=\"elementor-button elementor-button-link elementor-size-sm\" href=\"#\">\n\t\t\t\t\t\t<span class=\"elementor-button-content-wrapper\">\n\t\t\t\t\t\t\t\t\t<span class=\"elementor-button-text\">Zobacz<\/span>\n\t\t\t\t\t<\/span>\n\t\t\t\t\t<\/a>\n\t\t\t\t<\/div>\n\t\t\t\t\t\t\t\t<\/div>\n\t\t\t\t<\/div>\n\t\t\t\t<\/div>\n\t\t\t\t\t<\/div>\n\t\t\t\t<\/div>\n\t\t\t\t<\/div>\n\t\t","protected":false},"excerpt":{"rendered":"<p>E-booki o od\u017cywianiu i rozwoju Przeczytaj e-booki, kt\u00f3re wspieraj\u0105 zdrowy styl \u017cycia dzieci i doros\u0142ych. Zobacz Zobacz Zobacz<\/p>\n","protected":false},"author":1,"featured_media":0,"parent":0,"menu_order":0,"comment_status":"closed","ping_status":"closed","template":"","meta":{"site-sidebar-layout":"no-sidebar","site-content-layout":"","ast-site-content-layout":"full-width-container","site-content-style":"default","site-sidebar-style":"default","ast-global-header-display":"","ast-banner-title-visibility":"","ast-main-header-display":"","ast-hfb-above-header-display":"","ast-hfb-below-header-display":"","ast-hfb-mobile-header-display":"","site-post-title":"disabled","ast-breadcrumbs-content":"","ast-featured-img":"disabled","footer-sml-layout":"","theme-transparent-header-meta":"","adv-header-id-meta":"","stick-header-meta":"","header-above-stick-meta":"","header-main-stick-meta":"","header-below-stick-meta":"","astra-migrate-meta-layouts":"default","ast-page-background-enabled":"default","ast-page-background-meta":{"desktop":{"background-color":"var(--ast-global-color-5)","background-image":"","background-repeat":"repeat","background-position":"center center","background-size":"auto","background-attachment":"scroll","background-type":"","background-media":"","overlay-type":"","overlay-color":"","overlay-opacity":"","overlay-gradient":""},"tablet":{"background-color":"","background-image":"","background-repeat":"repeat","background-position":"center center","background-size":"auto","background-attachment":"scroll","background-type":"","background-media":"","overlay-type":"","overlay-color":"","overlay-opacity":"","overlay-gradient":""},"mobile":{"background-color":"","background-image":"","background-repeat":"repeat","background-position":"center center","background-size":"auto","background-attachment":"scroll","background-type":"","background-media":"","overlay-type":"","overlay-color":"","overlay-opacity":"","overlay-gradient":""}},"ast-content-background-meta":{"desktop":{"background-color":"var(--ast-global-color-4)","background-image":"","background-repeat":"repeat","background-position":"center center","background-size":"auto","background-attachment":"scroll","background-type":"","background-media":"","overlay-type":"","overlay-color":"","overlay-opacity":"","overlay-gradient":""},"tablet":{"background-color":"var(--ast-global-color-4)","background-image":"","background-repeat":"repeat","background-position":"center center","background-size":"auto","background-attachment":"scroll","background-type":"","background-media":"","overlay-type":"","overlay-color":"","overlay-opacity":"","overlay-gradient":""},"mobile":{"background-color":"var(--ast-global-color-4)","background-image":"","background-repeat":"repeat","background-position":"center center","background-size":"auto","background-attachment":"scroll","background-type":"","background-media":"","overlay-type":"","overlay-color":"","overlay-opacity":"","overlay-gradient":""}},"footnotes":""},"class_list":["post-47","page","type-page","status-publish","hentry"],"yoast_head":"<!-- This site is optimized with the Yoast SEO plugin v24.3 - https:\/\/yoast.com\/wordpress\/plugins\/seo\/ -->\n<title>E-booki - Gula Art \u2013 Zdrowie i Kreatywno\u015b\u0107 w Jednym Miejscu<\/title>\n<meta name=\"robots\" content=\"index, follow, max-snippet:-1, max-image-preview:large, max-video-preview:-1\" \/>\n<link rel=\"canonical\" href=\"https:\/\/gulaart.pl\/index.php\/e-book\/\" \/>\n<meta property=\"og:locale\" content=\"pl_PL\" \/>\n<meta property=\"og:type\" content=\"article\" \/>\n<meta property=\"og:title\" content=\"E-booki - Gula Art \u2013 Zdrowie i Kreatywno\u015b\u0107 w Jednym Miejscu\" \/>\n<meta property=\"og:description\" content=\"E-booki o od\u017cywianiu i rozwoju Przeczytaj e-booki, kt\u00f3re wspieraj\u0105 zdrowy styl \u017cycia dzieci i doros\u0142ych. Zobacz Zobacz Zobacz\" \/>\n<meta property=\"og:url\" content=\"https:\/\/gulaart.pl\/index.php\/e-book\/\" \/>\n<meta property=\"og:site_name\" content=\"Gula Art \u2013 Zdrowie i Kreatywno\u015b\u0107 w Jednym Miejscu\" \/>\n<meta property=\"article:modified_time\" content=\"2025-01-30T11:01:58+00:00\" \/>\n<meta property=\"og:image\" content=\"https:\/\/gulaart.pl\/wp-content\/plugins\/elementor\/assets\/images\/placeholder.png\" \/>\n<meta name=\"twitter:card\" content=\"summary_large_image\" \/>\n<meta name=\"twitter:label1\" content=\"Szacowany czas czytania\" \/>\n\t<meta name=\"twitter:data1\" content=\"1 minuta\" \/>\n<script type=\"application\/ld+json\" class=\"yoast-schema-graph\">{\"@context\":\"https:\/\/schema.org\",\"@graph\":[{\"@type\":\"WebPage\",\"@id\":\"https:\/\/gulaart.pl\/index.php\/e-book\/\",\"url\":\"https:\/\/gulaart.pl\/index.php\/e-book\/\",\"name\":\"E-booki - Gula Art \u2013 Zdrowie i Kreatywno\u015b\u0107 w Jednym Miejscu\",\"isPartOf\":{\"@id\":\"https:\/\/gulaart.pl\/#website\"},\"primaryImageOfPage\":{\"@id\":\"https:\/\/gulaart.pl\/index.php\/e-book\/#primaryimage\"},\"image\":{\"@id\":\"https:\/\/gulaart.pl\/index.php\/e-book\/#primaryimage\"},\"thumbnailUrl\":\"https:\/\/gulaart.pl\/wp-content\/plugins\/elementor\/assets\/images\/placeholder.png\",\"datePublished\":\"2025-01-30T08:04:36+00:00\",\"dateModified\":\"2025-01-30T11:01:58+00:00\",\"breadcrumb\":{\"@id\":\"https:\/\/gulaart.pl\/index.php\/e-book\/#breadcrumb\"},\"inLanguage\":\"pl-PL\",\"potentialAction\":[{\"@type\":\"ReadAction\",\"target\":[\"https:\/\/gulaart.pl\/index.php\/e-book\/\"]}]},{\"@type\":\"ImageObject\",\"inLanguage\":\"pl-PL\",\"@id\":\"https:\/\/gulaart.pl\/index.php\/e-book\/#primaryimage\",\"url\":\"https:\/\/gulaart.pl\/wp-content\/plugins\/elementor\/assets\/images\/placeholder.png\",\"contentUrl\":\"https:\/\/gulaart.pl\/wp-content\/plugins\/elementor\/assets\/images\/placeholder.png\"},{\"@type\":\"BreadcrumbList\",\"@id\":\"https:\/\/gulaart.pl\/index.php\/e-book\/#breadcrumb\",\"itemListElement\":[{\"@type\":\"ListItem\",\"position\":1,\"name\":\"Strona g\u0142\u00f3wna\",\"item\":\"https:\/\/gulaart.pl\/\"},{\"@type\":\"ListItem\",\"position\":2,\"name\":\"E-booki\"}]},{\"@type\":\"WebSite\",\"@id\":\"https:\/\/gulaart.pl\/#website\",\"url\":\"https:\/\/gulaart.pl\/\",\"name\":\"Gula Art \u2013 Zdrowie i Kreatywno\u015b\u0107 w Jednym Miejscu\",\"description\":\"Twoje miejsce kreatywno\u015bci i zdrowego stylu \u017cycia\",\"potentialAction\":[{\"@type\":\"SearchAction\",\"target\":{\"@type\":\"EntryPoint\",\"urlTemplate\":\"https:\/\/gulaart.pl\/?s={search_term_string}\"},\"query-input\":{\"@type\":\"PropertyValueSpecification\",\"valueRequired\":true,\"valueName\":\"search_term_string\"}}],\"inLanguage\":\"pl-PL\"}]}<\/script>\n<!-- \/ Yoast SEO plugin. -->","yoast_head_json":{"title":"E-booki - Gula Art \u2013 Zdrowie i Kreatywno\u015b\u0107 w Jednym Miejscu","robots":{"index":"index","follow":"follow","max-snippet":"max-snippet:-1","max-image-preview":"max-image-preview:large","max-video-preview":"max-video-preview:-1"},"canonical":"https:\/\/gulaart.pl\/index.php\/e-book\/","og_locale":"pl_PL","og_type":"article","og_title":"E-booki - Gula Art \u2013 Zdrowie i Kreatywno\u015b\u0107 w Jednym Miejscu","og_description":"E-booki o od\u017cywianiu i rozwoju Przeczytaj e-booki, kt\u00f3re wspieraj\u0105 zdrowy styl \u017cycia dzieci i doros\u0142ych. Zobacz Zobacz Zobacz","og_url":"https:\/\/gulaart.pl\/index.php\/e-book\/","og_site_name":"Gula Art \u2013 Zdrowie i Kreatywno\u015b\u0107 w Jednym Miejscu","article_modified_time":"2025-01-30T11:01:58+00:00","og_image":[{"url":"https:\/\/gulaart.pl\/wp-content\/plugins\/elementor\/assets\/images\/placeholder.png","type":"","width":"","height":""}],"twitter_card":"summary_large_image","twitter_misc":{"Szacowany czas czytania":"1 minuta"},"schema":{"@context":"https:\/\/schema.org","@graph":[{"@type":"WebPage","@id":"https:\/\/gulaart.pl\/index.php\/e-book\/","url":"https:\/\/gulaart.pl\/index.php\/e-book\/","name":"E-booki - Gula Art \u2013 Zdrowie i Kreatywno\u015b\u0107 w Jednym Miejscu","isPartOf":{"@id":"https:\/\/gulaart.pl\/#website"},"primaryImageOfPage":{"@id":"https:\/\/gulaart.pl\/index.php\/e-book\/#primaryimage"},"image":{"@id":"https:\/\/gulaart.pl\/index.php\/e-book\/#primaryimage"},"thumbnailUrl":"https:\/\/gulaart.pl\/wp-content\/plugins\/elementor\/assets\/images\/placeholder.png","datePublished":"2025-01-30T08:04:36+00:00","dateModified":"2025-01-30T11:01:58+00:00","breadcrumb":{"@id":"https:\/\/gulaart.pl\/index.php\/e-book\/#breadcrumb"},"inLanguage":"pl-PL","potentialAction":[{"@type":"ReadAction","target":["https:\/\/gulaart.pl\/index.php\/e-book\/"]}]},{"@type":"ImageObject","inLanguage":"pl-PL","@id":"https:\/\/gulaart.pl\/index.php\/e-book\/#primaryimage","url":"https:\/\/gulaart.pl\/wp-content\/plugins\/elementor\/assets\/images\/placeholder.png","contentUrl":"https:\/\/gulaart.pl\/wp-content\/plugins\/elementor\/assets\/images\/placeholder.png"},{"@type":"BreadcrumbList","@id":"https:\/\/gulaart.pl\/index.php\/e-book\/#breadcrumb","itemListElement":[{"@type":"ListItem","position":1,"name":"Strona g\u0142\u00f3wna","item":"https:\/\/gulaart.pl\/"},{"@type":"ListItem","position":2,"name":"E-booki"}]},{"@type":"WebSite","@id":"https:\/\/gulaart.pl\/#website","url":"https:\/\/gulaart.pl\/","name":"Gula Art \u2013 Zdrowie i Kreatywno\u015b\u0107 w Jednym Miejscu","description":"Twoje miejsce kreatywno\u015bci i zdrowego stylu \u017cycia","potentialAction":[{"@type":"SearchAction","target":{"@type":"EntryPoint","urlTemplate":"https:\/\/gulaart.pl\/?s={search_term_string}"},"query-input":{"@type":"PropertyValueSpecification","valueRequired":true,"valueName":"search_term_string"}}],"inLanguage":"pl-PL"}]}},"_links":{"self":[{"href":"https:\/\/gulaart.pl\/index.php\/wp-json\/wp\/v2\/pages\/47","targetHints":{"allow":["GET"]}}],"collection":[{"href":"https:\/\/gulaart.pl\/index.php\/wp-json\/wp\/v2\/pages"}],"about":[{"href":"https:\/\/gulaart.pl\/index.php\/wp-json\/wp\/v2\/types\/page"}],"author":[{"embeddable":true,"href":"https:\/\/gulaart.pl\/index.php\/wp-json\/wp\/v2\/users\/1"}],"replies":[{"embeddable":true,"href":"https:\/\/gulaart.pl\/index.php\/wp-json\/wp\/v2\/comments?post=47"}],"version-history":[{"count":8,"href":"https:\/\/gulaart.pl\/index.php\/wp-json\/wp\/v2\/pages\/47\/revisions"}],"predecessor-version":[{"id":135,"href":"https:\/\/gulaart.pl\/index.php\/wp-json\/wp\/v2\/pages\/47\/revisions\/135"}],"wp:attachment":[{"href":"https:\/\/gulaart.pl\/index.php\/wp-json\/wp\/v2\/media?parent=47"}],"curies":[{"name":"wp","href":"https:\/\/api.w.org\/{rel}","templated":true}]}}