{"id":45,"date":"2025-01-30T08:03:32","date_gmt":"2025-01-30T08:03:32","guid":{"rendered":"http:\/\/gulaart.pl\/?page_id=45"},"modified":"2025-01-30T10:57:15","modified_gmt":"2025-01-30T10:57:15","slug":"karty-pracy-pdf","status":"publish","type":"page","link":"https:\/\/gulaart.pl\/index.php\/karty-pracy-pdf\/","title":{"rendered":"Karty pracy (pdf)"},"content":{"rendered":"\t\t<div data-elementor-type=\"wp-page\" data-elementor-id=\"45\" class=\"elementor elementor-45\">\n\t\t\t\t<div class=\"elementor-element elementor-element-8504e33 e-flex e-con-boxed e-con e-parent\" data-id=\"8504e33\" data-element_type=\"container\" data-settings=\"{&quot;background_background&quot;:&quot;gradient&quot;}\">\n\t\t\t\t\t<div class=\"e-con-inner\">\n\t\t\t\t<div class=\"elementor-element elementor-element-200bd90 elementor-widget elementor-widget-heading\" data-id=\"200bd90\" data-element_type=\"widget\" data-widget_type=\"heading.default\">\n\t\t\t\t<div class=\"elementor-widget-container\">\n\t\t\t\t\t<h2 class=\"elementor-heading-title elementor-size-default\">Karty pracy dla dzieci i doros\u0142ych<\/h2>\t\t\t\t<\/div>\n\t\t\t\t<\/div>\n\t\t\t\t<div class=\"elementor-element elementor-element-c5b1b75 elementor-widget elementor-widget-text-editor\" data-id=\"c5b1b75\" data-element_type=\"widget\" data-widget_type=\"text-editor.default\">\n\t\t\t\t<div class=\"elementor-widget-container\">\n\t\t\t\t\t\t\t\t\t<p>Odkryj kreatywne i edukacyjne karty pracy, kt\u00f3re wspieraj\u0105 rozw\u00f3j i nauk\u0119.<\/p>\t\t\t\t\t\t\t\t<\/div>\n\t\t\t\t<\/div>\n\t\t<div class=\"elementor-element elementor-element-5d27011 e-grid e-con-full e-con e-child\" data-id=\"5d27011\" data-element_type=\"container\">\n\t\t\t\t<div class=\"elementor-element elementor-element-f33f5f3 elementor-widget elementor-widget-image\" data-id=\"f33f5f3\" data-element_type=\"widget\" data-widget_type=\"image.default\">\n\t\t\t\t<div class=\"elementor-widget-container\">\n\t\t\t\t\t\t\t\t\t\t\t\t\t\t\t<img decoding=\"async\" src=\"https:\/\/gulaart.pl\/wp-content\/plugins\/elementor\/assets\/images\/placeholder.png\" title=\"\" alt=\"\" loading=\"lazy\" \/>\t\t\t\t\t\t\t\t\t\t\t\t\t\t\t<\/div>\n\t\t\t\t<\/div>\n\t\t\t\t<div class=\"elementor-element elementor-element-85d3a0b elementor-align-center elementor-widget elementor-widget-button\" data-id=\"85d3a0b\" data-element_type=\"widget\" data-widget_type=\"button.default\">\n\t\t\t\t<div class=\"elementor-widget-container\">\n\t\t\t\t\t\t\t\t\t<div class=\"elementor-button-wrapper\">\n\t\t\t\t\t<a class=\"elementor-button elementor-button-link elementor-size-sm\" href=\"#\">\n\t\t\t\t\t\t<span class=\"elementor-button-content-wrapper\">\n\t\t\t\t\t\t\t\t\t<span class=\"elementor-button-text\">Dla Dzieci<\/span>\n\t\t\t\t\t<\/span>\n\t\t\t\t\t<\/a>\n\t\t\t\t<\/div>\n\t\t\t\t\t\t\t\t<\/div>\n\t\t\t\t<\/div>\n\t\t\t\t<div class=\"elementor-element elementor-element-2c10adf elementor-widget elementor-widget-image\" data-id=\"2c10adf\" data-element_type=\"widget\" data-widget_type=\"image.default\">\n\t\t\t\t<div class=\"elementor-widget-container\">\n\t\t\t\t\t\t\t\t\t\t\t\t\t\t\t<img decoding=\"async\" src=\"https:\/\/gulaart.pl\/wp-content\/plugins\/elementor\/assets\/images\/placeholder.png\" title=\"\" alt=\"\" loading=\"lazy\" \/>\t\t\t\t\t\t\t\t\t\t\t\t\t\t\t<\/div>\n\t\t\t\t<\/div>\n\t\t\t\t<div class=\"elementor-element elementor-element-b8959ad elementor-align-center elementor-widget elementor-widget-button\" data-id=\"b8959ad\" data-element_type=\"widget\" data-widget_type=\"button.default\">\n\t\t\t\t<div class=\"elementor-widget-container\">\n\t\t\t\t\t\t\t\t\t<div class=\"elementor-button-wrapper\">\n\t\t\t\t\t<a class=\"elementor-button elementor-button-link elementor-size-sm\" href=\"#\">\n\t\t\t\t\t\t<span class=\"elementor-button-content-wrapper\">\n\t\t\t\t\t\t\t\t\t<span class=\"elementor-button-text\">Dla Doros\u0142ych<\/span>\n\t\t\t\t\t<\/span>\n\t\t\t\t\t<\/a>\n\t\t\t\t<\/div>\n\t\t\t\t\t\t\t\t<\/div>\n\t\t\t\t<\/div>\n\t\t\t\t<\/div>\n\t\t\t\t\t<\/div>\n\t\t\t\t<\/div>\n\t\t\t\t<\/div>\n\t\t","protected":false},"excerpt":{"rendered":"<p>Karty pracy dla dzieci i doros\u0142ych Odkryj kreatywne i edukacyjne karty pracy, kt\u00f3re wspieraj\u0105 rozw\u00f3j i nauk\u0119. Dla Dzieci Dla [&hellip;]<\/p>\n","protected":false},"author":1,"featured_media":0,"parent":0,"menu_order":0,"comment_status":"closed","ping_status":"closed","template":"","meta":{"site-sidebar-layout":"no-sidebar","site-content-layout":"","ast-site-content-layout":"full-width-container","site-content-style":"default","site-sidebar-style":"default","ast-global-header-display":"","ast-banner-title-visibility":"","ast-main-header-display":"","ast-hfb-above-header-display":"","ast-hfb-below-header-display":"","ast-hfb-mobile-header-display":"","site-post-title":"disabled","ast-breadcrumbs-content":"","ast-featured-img":"disabled","footer-sml-layout":"","theme-transparent-header-meta":"","adv-header-id-meta":"","stick-header-meta":"","header-above-stick-meta":"","header-main-stick-meta":"","header-below-stick-meta":"","astra-migrate-meta-layouts":"default","ast-page-background-enabled":"default","ast-page-background-meta":{"desktop":{"background-color":"var(--ast-global-color-5)","background-image":"","background-repeat":"repeat","background-position":"center center","background-size":"auto","background-attachment":"scroll","background-type":"","background-media":"","overlay-type":"","overlay-color":"","overlay-opacity":"","overlay-gradient":""},"tablet":{"background-color":"","background-image":"","background-repeat":"repeat","background-position":"center center","background-size":"auto","background-attachment":"scroll","background-type":"","background-media":"","overlay-type":"","overlay-color":"","overlay-opacity":"","overlay-gradient":""},"mobile":{"background-color":"","background-image":"","background-repeat":"repeat","background-position":"center center","background-size":"auto","background-attachment":"scroll","background-type":"","background-media":"","overlay-type":"","overlay-color":"","overlay-opacity":"","overlay-gradient":""}},"ast-content-background-meta":{"desktop":{"background-color":"var(--ast-global-color-4)","background-image":"","background-repeat":"repeat","background-position":"center center","background-size":"auto","background-attachment":"scroll","background-type":"","background-media":"","overlay-type":"","overlay-color":"","overlay-opacity":"","overlay-gradient":""},"tablet":{"background-color":"var(--ast-global-color-4)","background-image":"","background-repeat":"repeat","background-position":"center center","background-size":"auto","background-attachment":"scroll","background-type":"","background-media":"","overlay-type":"","overlay-color":"","overlay-opacity":"","overlay-gradient":""},"mobile":{"background-color":"var(--ast-global-color-4)","background-image":"","background-repeat":"repeat","background-position":"center center","background-size":"auto","background-attachment":"scroll","background-type":"","background-media":"","overlay-type":"","overlay-color":"","overlay-opacity":"","overlay-gradient":""}},"footnotes":""},"class_list":["post-45","page","type-page","status-publish","hentry"],"yoast_head":"<!-- This site is optimized with the Yoast SEO plugin v24.3 - https:\/\/yoast.com\/wordpress\/plugins\/seo\/ -->\n<title>Karty pracy (pdf) - Gula Art \u2013 Zdrowie i Kreatywno\u015b\u0107 w Jednym Miejscu<\/title>\n<meta name=\"robots\" content=\"index, follow, max-snippet:-1, max-image-preview:large, max-video-preview:-1\" \/>\n<link rel=\"canonical\" href=\"https:\/\/gulaart.pl\/index.php\/karty-pracy-pdf\/\" \/>\n<meta property=\"og:locale\" content=\"pl_PL\" \/>\n<meta property=\"og:type\" content=\"article\" \/>\n<meta property=\"og:title\" content=\"Karty pracy (pdf) - Gula Art \u2013 Zdrowie i Kreatywno\u015b\u0107 w Jednym Miejscu\" \/>\n<meta property=\"og:description\" content=\"Karty pracy dla dzieci i doros\u0142ych Odkryj kreatywne i edukacyjne karty pracy, kt\u00f3re wspieraj\u0105 rozw\u00f3j i nauk\u0119. Dla Dzieci Dla [&hellip;]\" \/>\n<meta property=\"og:url\" content=\"https:\/\/gulaart.pl\/index.php\/karty-pracy-pdf\/\" \/>\n<meta property=\"og:site_name\" content=\"Gula Art \u2013 Zdrowie i Kreatywno\u015b\u0107 w Jednym Miejscu\" \/>\n<meta property=\"article:modified_time\" content=\"2025-01-30T10:57:15+00:00\" \/>\n<meta property=\"og:image\" content=\"https:\/\/gulaart.pl\/wp-content\/plugins\/elementor\/assets\/images\/placeholder.png\" \/>\n<meta name=\"twitter:card\" content=\"summary_large_image\" \/>\n<meta name=\"twitter:label1\" content=\"Szacowany czas czytania\" \/>\n\t<meta name=\"twitter:data1\" content=\"1 minuta\" \/>\n<script type=\"application\/ld+json\" class=\"yoast-schema-graph\">{\"@context\":\"https:\/\/schema.org\",\"@graph\":[{\"@type\":\"WebPage\",\"@id\":\"https:\/\/gulaart.pl\/index.php\/karty-pracy-pdf\/\",\"url\":\"https:\/\/gulaart.pl\/index.php\/karty-pracy-pdf\/\",\"name\":\"Karty pracy (pdf) - Gula Art \u2013 Zdrowie i Kreatywno\u015b\u0107 w Jednym Miejscu\",\"isPartOf\":{\"@id\":\"https:\/\/gulaart.pl\/#website\"},\"primaryImageOfPage\":{\"@id\":\"https:\/\/gulaart.pl\/index.php\/karty-pracy-pdf\/#primaryimage\"},\"image\":{\"@id\":\"https:\/\/gulaart.pl\/index.php\/karty-pracy-pdf\/#primaryimage\"},\"thumbnailUrl\":\"https:\/\/gulaart.pl\/wp-content\/plugins\/elementor\/assets\/images\/placeholder.png\",\"datePublished\":\"2025-01-30T08:03:32+00:00\",\"dateModified\":\"2025-01-30T10:57:15+00:00\",\"breadcrumb\":{\"@id\":\"https:\/\/gulaart.pl\/index.php\/karty-pracy-pdf\/#breadcrumb\"},\"inLanguage\":\"pl-PL\",\"potentialAction\":[{\"@type\":\"ReadAction\",\"target\":[\"https:\/\/gulaart.pl\/index.php\/karty-pracy-pdf\/\"]}]},{\"@type\":\"ImageObject\",\"inLanguage\":\"pl-PL\",\"@id\":\"https:\/\/gulaart.pl\/index.php\/karty-pracy-pdf\/#primaryimage\",\"url\":\"https:\/\/gulaart.pl\/wp-content\/plugins\/elementor\/assets\/images\/placeholder.png\",\"contentUrl\":\"https:\/\/gulaart.pl\/wp-content\/plugins\/elementor\/assets\/images\/placeholder.png\"},{\"@type\":\"BreadcrumbList\",\"@id\":\"https:\/\/gulaart.pl\/index.php\/karty-pracy-pdf\/#breadcrumb\",\"itemListElement\":[{\"@type\":\"ListItem\",\"position\":1,\"name\":\"Strona g\u0142\u00f3wna\",\"item\":\"https:\/\/gulaart.pl\/\"},{\"@type\":\"ListItem\",\"position\":2,\"name\":\"Karty pracy (pdf)\"}]},{\"@type\":\"WebSite\",\"@id\":\"https:\/\/gulaart.pl\/#website\",\"url\":\"https:\/\/gulaart.pl\/\",\"name\":\"Gula Art \u2013 Zdrowie i Kreatywno\u015b\u0107 w Jednym Miejscu\",\"description\":\"Twoje miejsce kreatywno\u015bci i zdrowego stylu \u017cycia\",\"potentialAction\":[{\"@type\":\"SearchAction\",\"target\":{\"@type\":\"EntryPoint\",\"urlTemplate\":\"https:\/\/gulaart.pl\/?s={search_term_string}\"},\"query-input\":{\"@type\":\"PropertyValueSpecification\",\"valueRequired\":true,\"valueName\":\"search_term_string\"}}],\"inLanguage\":\"pl-PL\"}]}<\/script>\n<!-- \/ Yoast SEO plugin. -->","yoast_head_json":{"title":"Karty pracy (pdf) - Gula Art \u2013 Zdrowie i Kreatywno\u015b\u0107 w Jednym Miejscu","robots":{"index":"index","follow":"follow","max-snippet":"max-snippet:-1","max-image-preview":"max-image-preview:large","max-video-preview":"max-video-preview:-1"},"canonical":"https:\/\/gulaart.pl\/index.php\/karty-pracy-pdf\/","og_locale":"pl_PL","og_type":"article","og_title":"Karty pracy (pdf) - Gula Art \u2013 Zdrowie i Kreatywno\u015b\u0107 w Jednym Miejscu","og_description":"Karty pracy dla dzieci i doros\u0142ych Odkryj kreatywne i edukacyjne karty pracy, kt\u00f3re wspieraj\u0105 rozw\u00f3j i nauk\u0119. Dla Dzieci Dla [&hellip;]","og_url":"https:\/\/gulaart.pl\/index.php\/karty-pracy-pdf\/","og_site_name":"Gula Art \u2013 Zdrowie i Kreatywno\u015b\u0107 w Jednym Miejscu","article_modified_time":"2025-01-30T10:57:15+00:00","og_image":[{"url":"https:\/\/gulaart.pl\/wp-content\/plugins\/elementor\/assets\/images\/placeholder.png","type":"","width":"","height":""}],"twitter_card":"summary_large_image","twitter_misc":{"Szacowany czas czytania":"1 minuta"},"schema":{"@context":"https:\/\/schema.org","@graph":[{"@type":"WebPage","@id":"https:\/\/gulaart.pl\/index.php\/karty-pracy-pdf\/","url":"https:\/\/gulaart.pl\/index.php\/karty-pracy-pdf\/","name":"Karty pracy (pdf) - Gula Art \u2013 Zdrowie i Kreatywno\u015b\u0107 w Jednym Miejscu","isPartOf":{"@id":"https:\/\/gulaart.pl\/#website"},"primaryImageOfPage":{"@id":"https:\/\/gulaart.pl\/index.php\/karty-pracy-pdf\/#primaryimage"},"image":{"@id":"https:\/\/gulaart.pl\/index.php\/karty-pracy-pdf\/#primaryimage"},"thumbnailUrl":"https:\/\/gulaart.pl\/wp-content\/plugins\/elementor\/assets\/images\/placeholder.png","datePublished":"2025-01-30T08:03:32+00:00","dateModified":"2025-01-30T10:57:15+00:00","breadcrumb":{"@id":"https:\/\/gulaart.pl\/index.php\/karty-pracy-pdf\/#breadcrumb"},"inLanguage":"pl-PL","potentialAction":[{"@type":"ReadAction","target":["https:\/\/gulaart.pl\/index.php\/karty-pracy-pdf\/"]}]},{"@type":"ImageObject","inLanguage":"pl-PL","@id":"https:\/\/gulaart.pl\/index.php\/karty-pracy-pdf\/#primaryimage","url":"https:\/\/gulaart.pl\/wp-content\/plugins\/elementor\/assets\/images\/placeholder.png","contentUrl":"https:\/\/gulaart.pl\/wp-content\/plugins\/elementor\/assets\/images\/placeholder.png"},{"@type":"BreadcrumbList","@id":"https:\/\/gulaart.pl\/index.php\/karty-pracy-pdf\/#breadcrumb","itemListElement":[{"@type":"ListItem","position":1,"name":"Strona g\u0142\u00f3wna","item":"https:\/\/gulaart.pl\/"},{"@type":"ListItem","position":2,"name":"Karty pracy (pdf)"}]},{"@type":"WebSite","@id":"https:\/\/gulaart.pl\/#website","url":"https:\/\/gulaart.pl\/","name":"Gula Art \u2013 Zdrowie i Kreatywno\u015b\u0107 w Jednym Miejscu","description":"Twoje miejsce kreatywno\u015bci i zdrowego stylu \u017cycia","potentialAction":[{"@type":"SearchAction","target":{"@type":"EntryPoint","urlTemplate":"https:\/\/gulaart.pl\/?s={search_term_string}"},"query-input":{"@type":"PropertyValueSpecification","valueRequired":true,"valueName":"search_term_string"}}],"inLanguage":"pl-PL"}]}},"_links":{"self":[{"href":"https:\/\/gulaart.pl\/index.php\/wp-json\/wp\/v2\/pages\/45","targetHints":{"allow":["GET"]}}],"collection":[{"href":"https:\/\/gulaart.pl\/index.php\/wp-json\/wp\/v2\/pages"}],"about":[{"href":"https:\/\/gulaart.pl\/index.php\/wp-json\/wp\/v2\/types\/page"}],"author":[{"embeddable":true,"href":"https:\/\/gulaart.pl\/index.php\/wp-json\/wp\/v2\/users\/1"}],"replies":[{"embeddable":true,"href":"https:\/\/gulaart.pl\/index.php\/wp-json\/wp\/v2\/comments?post=45"}],"version-history":[{"count":16,"href":"https:\/\/gulaart.pl\/index.php\/wp-json\/wp\/v2\/pages\/45\/revisions"}],"predecessor-version":[{"id":132,"href":"https:\/\/gulaart.pl\/index.php\/wp-json\/wp\/v2\/pages\/45\/revisions\/132"}],"wp:attachment":[{"href":"https:\/\/gulaart.pl\/index.php\/wp-json\/wp\/v2\/media?parent=45"}],"curies":[{"name":"wp","href":"https:\/\/api.w.org\/{rel}","templated":true}]}}